{"id":228,"date":"2017-04-05T11:17:20","date_gmt":"2017-04-05T09:17:20","guid":{"rendered":"http:\/\/www.sapores-streetfood.de\/?page_id=228"},"modified":"2026-03-27T15:44:26","modified_gmt":"2026-03-27T14:44:26","slug":"karriere","status":"publish","type":"page","link":"https:\/\/www.sapores-streetfood.de\/index.php\/karriere\/","title":{"rendered":"Karriere"},"content":{"rendered":"[vc_row][vc_column][vc_custom_heading text=&#8220;Werde ein Teil unseres Teams!&#8220; font_container=&#8220;tag:h2|text_align:center&#8220; use_theme_fonts=&#8220;yes&#8220; css=&#8220;.vc_custom_1497777517431{padding-bottom: 40px !important;}&#8220;][\/vc_column][\/vc_row][vc_row][vc_column][vc_cta h2=&#8220;Servicekraft (m\/w\/d)&#8220; h4=&#8220;in Voll-, Teilzeit oder als Aushilfe&#8220; style=&#8220;flat&#8220; color=&#8220;black&#8220; add_button=&#8220;bottom&#8220; btn_title=&#8220;Bewirb dich!&#8220; btn_size=&#8220;sm&#8220; btn_i_icon_fontawesome=&#8220;fa fa-check&#8220; btn_add_icon=&#8220;true&#8220; btn_custom_onclick=&#8220;true&#8220; btn_custom_onclick_code=&#8220;mailto:info@sapores-concept.de&#8220; btn_link=&#8220;url:mailto%3Ainfo%40sapores-concept.de|||&#8220;]\n\nDeine Aufgaben:\n<ul>\n \t<li>Du begeisterst unsere G\u00e4ste mit Deiner Beratung, Deinem Fachwissen und dem\u00a0 fachkundigen Servieren von Speisen und Getr\u00e4nken<\/li>\n \t<li>Du verstehst es aktiv mit G\u00e4stereaktionen umzugehen und auf besondere Anforderungen einzugehen<\/li>\n<\/ul>\nDas solltest Du mitbringen:\n<ul>\n \t<li>Du hast bereits Erfahrung in der Gastronomie gesammelt<\/li>\n \t<li>Du bist ein Gastgebertyp mit Ecken und Kanten<\/li>\n \t<li>Du hast eine Leidenschaft f\u00fcr gute Speisen und Getr\u00e4nke<\/li>\n \t<li>Zuverl\u00e4ssigkeit, Belastbarkeit, Team- und Kommunikationsf\u00e4higkeit z\u00e4hlst Du zu deinen St\u00e4rken<\/li>\n<\/ul>\nWenn Du zus\u00e4tzlich zu Deiner Qualifikation ehrliche Gastfreundschaft mitbringst &#8211; bist Du bei uns genau richtig:\n\nE-Mail an <a href=\"mailto:bewerbung@sapores-concept.de\">Bewerbung@sapores-concept.de<\/a>\n\nWir freuen uns darauf, Dich kennenzulernen!\n\nAnsprechpartner: Herr Khai Doan\n\n[\/vc_cta][\/vc_column][\/vc_row][vc_row][vc_column][vc_cta h2=&#8220;K\u00fcchenhilfe (m\/w\/d)&#8220; style=&#8220;flat&#8220; color=&#8220;black&#8220; add_button=&#8220;bottom&#8220; btn_title=&#8220;Bewirb dich!&#8220; btn_size=&#8220;sm&#8220; btn_i_icon_fontawesome=&#8220;fa fa-check&#8220; btn_add_icon=&#8220;true&#8220; btn_custom_onclick=&#8220;true&#8220; btn_custom_onclick_code=&#8220;mailto:info@sapores-concept.de&#8220; btn_link=&#8220;url:mailto%3Ainfo%40sapores-concept.de|||&#8220;]\n\nWir suchen f\u00fcr unsere K\u00fcche zus\u00e4tzlich zu unserem bestehenden Team eine(n) K\u00fcchenhilfe (m\/w).\n\nDu bist auf der Suche nach einer neuen Herausforderung?\n\nDu hast keine Lust mehr auf wei\u00dfe Tischdecken?\n\nDu hast Berufserfahrung in der K\u00fcche?\n\nDu m\u00f6chtest in einem sich st\u00e4ndig in Bewegung befindenden, sich immer wieder neu erfindenden, jungen und modernen Gastronomiekonzept arbeiten?\n\nDas solltest Du mitbringen:\n<ul>\n \t<li>Eigenst\u00e4ndigkeit, Organisation und Selbstverwirklichung f\u00fcr Dich Ansporn sind,<\/li>\n \t<li>Du Humor, aber auch den n\u00f6tigen Ernst und Ehrgeiz bei der Arbeit im Team mitbringst,<\/li>\n \t<li>Du zuverl\u00e4ssig, belastbar und kommunikationsf\u00e4hig bist,<\/li>\n \t<li>Kein Mimimi<\/li>\n<\/ul>\nWenn Du zus\u00e4tzlich zu Deiner Qualifikation ehrliche Gastfreundschaft mitbringst &#8211; bist Du bei uns genau richtig:\nE-Mail an <a href=\"mailto:bewerbung@sapores-concept.de\">info@sapores-concept.de<\/a>\n\nWir freuen uns darauf, Dich kennenzulernen!\n\nAnsprechpartner: Herr Khai Doan\n\n[\/vc_cta][\/vc_column][\/vc_row][vc_row][vc_column][vc_column_text]\n<p style=\"text-align: right;\">Sapo\u0302res-Sa\u0300igo\u0300n Street Food\nKaiserstra\u00dfe 72 (Bahnhofsviertel)\n60329 Frankfurt am Main, Deutschland<\/p>\n<p style=\"text-align: right;\">E-Mail: info@sapores-concept.de\nInternet: www.sapores-streetfood.de<\/p>\n[\/vc_column_text][\/vc_column][\/vc_row]","protected":false},"excerpt":{"rendered":"<p>[vc_row][vc_column][vc_custom_heading text=&#8220;Werde ein Teil unseres Teams!&#8220; font_container=&#8220;tag:h2|text_align:center&#8220; use_theme_fonts=&#8220;yes&#8220; css=&#8220;.vc_custom_1497777517431{padding-bottom: 40px !important;}&#8220;][\/vc_column][\/vc_row][vc_row][vc_column][vc_cta h2=&#8220;Servicekraft (m\/w\/d)&#8220; h4=&#8220;in Voll-, Teilzeit oder als Aushilfe&#8220; style=&#8220;flat&#8220; color=&#8220;black&#8220; add_button=&#8220;bottom&#8220; btn_title=&#8220;Bewirb dich!&#8220; btn_size=&#8220;sm&#8220; btn_i_icon_fontawesome=&#8220;fa fa-check&#8220; btn_add_icon=&#8220;true&#8220; btn_custom_onclick=&#8220;true&#8220; btn_custom_onclick_code=&#8220;mailto:info@sapores-concept.de&#8220; btn_link=&#8220;url:mailto%3Ainfo%40sapores-concept.de|||&#8220;]<\/p>\n<p>Deine Aufgaben:<\/p>\n<ul>\n<li>Du begeisterst unsere G\u00e4ste mit Deiner Beratung, Deinem Fachwissen und dem\u00a0 fachkundigen Servieren von Speisen und Getr\u00e4nken<\/li>\n<li>Du verstehst es aktiv mit G\u00e4stereaktionen umzugehen und auf besondere Anforderungen einzugehen<\/li>\n<\/ul>\n<p>Das solltest Du mitbringen:<\/p>\n<ul>\n<li>Du hast bereits Erfahrung in der Gastronomie gesammelt<\/li>\n<li>Du bist ein Gastgebertyp mit Ecken und Kanten<\/li>\n<li>Du hast eine Leidenschaft f\u00fcr gute Speisen und Getr\u00e4nke<\/li>\n<li>Zuverl\u00e4ssigkeit,<\/li>\n<\/ul>\n<div class=\"more-holder\"><a class=\"more-link\" href=\"https:\/\/www.sapores-streetfood.de\/index.php\/karriere\/\">Read more<\/a><\/div>\n","protected":false},"author":1,"featured_media":0,"parent":0,"menu_order":0,"comment_status":"closed","ping_status":"closed","template":"","meta":{"footnotes":""},"class_list":["post-228","page","type-page","status-publish","hentry"],"_links":{"self":[{"href":"https:\/\/www.sapores-streetfood.de\/index.php\/wp-json\/wp\/v2\/pages\/228","targetHints":{"allow":["GET"]}}],"collection":[{"href":"https:\/\/www.sapores-streetfood.de\/index.php\/wp-json\/wp\/v2\/pages"}],"about":[{"href":"https:\/\/www.sapores-streetfood.de\/index.php\/wp-json\/wp\/v2\/types\/page"}],"author":[{"embeddable":true,"href":"https:\/\/www.sapores-streetfood.de\/index.php\/wp-json\/wp\/v2\/users\/1"}],"replies":[{"embeddable":true,"href":"https:\/\/www.sapores-streetfood.de\/index.php\/wp-json\/wp\/v2\/comments?post=228"}],"version-history":[{"count":17,"href":"https:\/\/www.sapores-streetfood.de\/index.php\/wp-json\/wp\/v2\/pages\/228\/revisions"}],"predecessor-version":[{"id":581,"href":"https:\/\/www.sapores-streetfood.de\/index.php\/wp-json\/wp\/v2\/pages\/228\/revisions\/581"}],"wp:attachment":[{"href":"https:\/\/www.sapores-streetfood.de\/index.php\/wp-json\/wp\/v2\/media?parent=228"}],"curies":[{"name":"wp","href":"https:\/\/api.w.org\/{rel}","templated":true}]}}