{"id":224,"date":"2017-04-05T10:50:15","date_gmt":"2017-04-05T08:50:15","guid":{"rendered":"http:\/\/www.sapores-streetfood.de\/?page_id=224"},"modified":"2025-01-05T15:13:31","modified_gmt":"2025-01-05T14:13:31","slug":"vietnam-kulinarisch","status":"publish","type":"page","link":"https:\/\/www.sapores-streetfood.de\/index.php\/vietnam-kulinarisch\/","title":{"rendered":"Vietnam kulinarisch"},"content":{"rendered":"[vc_row][vc_column][vc_column_text]<h2 style=\"text-align: left;\"><a href=\"https:\/\/drive.google.com\/file\/d\/1cG8K2cSAFTTHfT9VQJrt3gk6lAm-jLpN\/view?usp=sharing\" target=\"_blank\" rel=\"noopener\">Speisekarte<\/a>\r\n<\/h2>[\/vc_column_text][\/vc_column][\/vc_row][vc_row][vc_column][vc_single_image image=&#8220;298&#8243; img_size=&#8220;large&#8220;][\/vc_column][\/vc_row][vc_row][vc_column][vc_column_text]Im Sap\u00f4res &#8211; S\u00e0ig\u00f2n Street Food bieten wir Dir besonders ausgew\u00e4hlte K\u00f6stlichkeiten aus der reichhaltigen vietnamesischen K\u00fcche an.<\/h2>\r\nTypisch f\u00fcr die vietnamesische K\u00fcche ist die Kombination der f\u00fcnf Geschmacksrichtungen: S\u00fc\u00df, Sauer, Salzig, Bitter und Scharf.\r\n\r\nBesonders aromatisch werden die Gerichte dank Ingwer, Limette, Chilischoten, Fischsauce und Thai-Basilikum.\r\n\r\nDie Kunst besteht darin, die Aromen auf immer neue aufregende Art zu kombinieren und so aromatische und leichte Gerichte zu kreieren.\r\n\r\nNeben unseren Gerichten \u00e0 la carte, bieten wir weitere regelm\u00e4\u00dfig abwechslungsreiche vietnamesische Gerichte an. Bei jedem Besuch kommst Du so in den Genu\u00df neuer, \u00fcberraschender K\u00f6stlichkeiten.\r\n\r\n[\/vc_column_text][\/vc_column][\/vc_row]","protected":false},"excerpt":{"rendered":"<p>[vc_row][vc_column][vc_column_text]<a href=\"https:\/\/drive.google.com\/file\/d\/1cG8K2cSAFTTHfT9VQJrt3gk6lAm-jLpN\/view?usp=sharing\" target=\"_blank\" rel=\"noopener\">Speisekarte<\/a><br \/>\n[\/vc_column_text][\/vc_column][\/vc_row][vc_row][vc_column][vc_single_image image=&#8220;298&#8243; img_size=&#8220;large&#8220;][\/vc_column][\/vc_row][vc_row][vc_column][vc_column_text]Im Sap\u00f4res &#8211; S\u00e0ig\u00f2n Street Food bieten wir Dir besonders ausgew\u00e4hlte K\u00f6stlichkeiten aus der reichhaltigen vietnamesischen K\u00fcche an.<br \/>\nTypisch f\u00fcr die vietnamesische K\u00fcche ist die Kombination der f\u00fcnf Geschmacksrichtungen: S\u00fc\u00df, Sauer, Salzig, Bitter und Scharf.<\/p>\n<p>Besonders aromatisch werden die Gerichte dank Ingwer, Limette, Chilischoten, Fischsauce und Thai-Basilikum.<\/p>\n<p>Die Kunst besteht darin, die Aromen auf immer neue aufregende Art zu kombinieren und so aromatische und leichte Gerichte zu kreieren.<\/p>\n<p>Neben unseren Gerichten \u00e0 la carte,<\/p>\n<div class=\"more-holder\"><a class=\"more-link\" href=\"https:\/\/www.sapores-streetfood.de\/index.php\/vietnam-kulinarisch\/\">Read more<\/a><\/div>\n","protected":false},"author":1,"featured_media":0,"parent":0,"menu_order":0,"comment_status":"closed","ping_status":"closed","template":"","meta":{"footnotes":""},"class_list":["post-224","page","type-page","status-publish","hentry"],"_links":{"self":[{"href":"https:\/\/www.sapores-streetfood.de\/index.php\/wp-json\/wp\/v2\/pages\/224","targetHints":{"allow":["GET"]}}],"collection":[{"href":"https:\/\/www.sapores-streetfood.de\/index.php\/wp-json\/wp\/v2\/pages"}],"about":[{"href":"https:\/\/www.sapores-streetfood.de\/index.php\/wp-json\/wp\/v2\/types\/page"}],"author":[{"embeddable":true,"href":"https:\/\/www.sapores-streetfood.de\/index.php\/wp-json\/wp\/v2\/users\/1"}],"replies":[{"embeddable":true,"href":"https:\/\/www.sapores-streetfood.de\/index.php\/wp-json\/wp\/v2\/comments?post=224"}],"version-history":[{"count":17,"href":"https:\/\/www.sapores-streetfood.de\/index.php\/wp-json\/wp\/v2\/pages\/224\/revisions"}],"predecessor-version":[{"id":571,"href":"https:\/\/www.sapores-streetfood.de\/index.php\/wp-json\/wp\/v2\/pages\/224\/revisions\/571"}],"wp:attachment":[{"href":"https:\/\/www.sapores-streetfood.de\/index.php\/wp-json\/wp\/v2\/media?parent=224"}],"curies":[{"name":"wp","href":"https:\/\/api.w.org\/{rel}","templated":true}]}}