{"id":138,"date":"2017-03-07T12:11:11","date_gmt":"2017-03-07T11:11:11","guid":{"rendered":"http:\/\/www.sapores-streetfood.de\/?page_id=138"},"modified":"2024-11-05T18:33:16","modified_gmt":"2024-11-05T17:33:16","slug":"ueber-uns","status":"publish","type":"page","link":"https:\/\/www.sapores-streetfood.de\/index.php\/ueber-uns\/","title":{"rendered":"\u00dcber uns"},"content":{"rendered":"[vc_row][vc_column][vc_custom_heading text=&#8220;Unsere Philosphie&#8220; use_theme_fonts=&#8220;yes&#8220;][vc_column_text]In Deutschland aufgewachsen, mit dem Geburtsland unserer Eltern auf ewig verbunden, inspiriert von der Leidenschaft f\u00fcr die vietnamesische K\u00fcche, mit einer fundierten kaufm\u00e4nnischen Ausbildung, weltbereist sowie langj\u00e4hrige Berufserfahrung in der Gastronomie\u2026haben mein Bruder und ich ein Konzept entwickelt, welches unseren hohen Anspr\u00fcchen in Bezug auf Produktqualit\u00e4t, exzellenten Service und ein ansprechendes Ambiente gerecht wird, um die kulinarischen Traditionen der Familie weiterzugeben.\r\n<p style=\"text-align: center;\">JEDEN TAG IN JEDER HINSICHT BESSER<\/p>\r\n<p style=\"text-align: center;\">WIR TUN ALLES MIT<\/p>\r\n<p style=\"text-align: center;\">*KONZENTRATION\r\n*HERZ\r\n*DANKBARKEIT\r\n*LIEBE\r\n*SORGFALT\r\n*GUTER ABSICHT\r\n*GLAUBEN\r\n\r\nWir m\u00f6chten Dich f\u00fcr die vietnamesische Gark\u00fcche begeistern und freuen uns auf deinen Besuch.\r\n\r\n[\/vc_column_text][vc_empty_space][vc_custom_heading text=&#8220;Gr\u00fcnder&#8220; use_theme_fonts=&#8220;yes&#8220;][vc_single_image image=&#8220;351&#8243; img_size=&#8220;large&#8220;][vc_column_text]<\/p><p><span>\u00a0<\/span><\/p><p>\r\n<span>Khai<\/span><span><u><\/u><u><\/u><\/span><\/p><p style=\"text-align: center;\">\r\n<\/p><p style=\"text-align: center;\">\r\n<\/p><p><span>*M.Sc. in Management (Goethe-Universit\u00e4t FFM)<\/span><span><u><\/u><u><\/u><\/span><\/p><p style=\"text-align: center;\">\r\n<\/p><p style=\"text-align: center;\">\r\n<\/p><p>Duy<\/p><p style=\"text-align: center;\">\r\n<\/p><p style=\"text-align: center;\">\r\n<\/p><p><span>*Bankfachwirt (Frankfurt School of Mgmt.)<\/span><span><u><\/u><u><\/u><\/span><\/p><p style=\"text-align: center;\">\r\n<\/p><p style=\"text-align: center;\">\r\n<\/p><p>Vuong<\/p><p style=\"text-align: center;\">\r\n<\/p><p style=\"text-align: center;\">\r\n<\/p><p><span>*Diplom-Ingenieur (TU-Darmstadt)<\/span><span><u><\/u><u><\/u><\/span><\/p><p style=\"text-align: center;\">\r\n<\/p><p style=\"text-align: center;\">\r\n<\/p><p><span>*Deutsche BJJ Nationalmannschaft<\/span><span><u><\/u><u><\/u><\/span><\/p><p style=\"text-align: center;\">\r\n<\/p><p style=\"text-align: center;\">\r\n<\/p><p>Unser Sap\u00f4res S\u00e0ig\u00f2n Street Food Konzept ist eine Liebeserkl\u00e4rung an das Leben, an die eigenen Wurzeln, aber auch an das Kochen, die Frische, an die Liebe zum Detail und an die Arbeit.<\/p><p style=\"text-align: center;\">\r\n<\/p><p style=\"text-align: center;\">\r\n<\/p><p>Wir sind willensstark. Wir sind enthusiastisch. Wir gaben nicht auf &#8211; selbst als wir unsere erste Pho Bo verbockt, die Sauce verbrannt und das Entrec\u00f4te massakriert haben. Aus einer leidenschaftlichen Idee wurde endlich Wirklichkeit. Das ist unser Antrieb.<\/p><p style=\"text-align: center;\">\r\n<\/p><p style=\"text-align: center;\">\r\n<\/p><p>F\u00fcr uns ist Kochen nicht nur ein Job, sondern ein Lebensgef\u00fchl&#8230; voller Leidenschaft und Humor, Witz und Sarkasmus, die man braucht, um das Leben zu genie\u00dfen.<\/p><p style=\"text-align: center;\">\r\n<\/p><p style=\"text-align: center;\">\r\n<\/p><p><span>Genussvolles Essen steht bei uns an erster Stelle, denn wir glauben, dass gutes Essen gl\u00fccklich macht.\u00a0<\/span><span><u><\/u><u><\/u><\/span><\/p><p style=\"text-align: center;\">\r\n<\/p><p style=\"text-align: center;\">\r\n<\/p><p>Lass Dich von unserer Liebe zum Kochen begeistern und erlebe damit einen kleinen Teil der vietnamesischen Kultur.<\/p><p style=\"text-align: center;\">\r\n<\/p><p style=\"text-align: center;\">\r\n<\/p><p>Euer Sap\u00f4res S\u00e0ig\u00f2n Street Food Team<\/p><p style=\"text-align: center;\">\r\n<\/p><p style=\"text-align: center;\">\r\n<\/p><p style=\"text-align: center;\">[\/vc_column_text][\/vc_column][\/vc_row][vc_row][vc_column][\/vc_column][\/vc_row]<\/p>","protected":false},"excerpt":{"rendered":"<p>[vc_row][vc_column][vc_custom_heading text=&#8220;Unsere Philosphie&#8220; use_theme_fonts=&#8220;yes&#8220;][vc_column_text]In Deutschland aufgewachsen, mit dem Geburtsland unserer Eltern auf ewig verbunden, inspiriert von der Leidenschaft f\u00fcr die vietnamesische K\u00fcche, mit einer fundierten kaufm\u00e4nnischen Ausbildung, weltbereist sowie langj\u00e4hrige Berufserfahrung in der Gastronomie\u2026haben mein Bruder und ich ein Konzept entwickelt, welches unseren hohen Anspr\u00fcchen in Bezug auf Produktqualit\u00e4t, exzellenten Service und ein ansprechendes Ambiente gerecht wird, um die kulinarischen Traditionen der Familie weiterzugeben.<\/p>\n<p style=\"text-align: center;\">JEDEN TAG IN JEDER HINSICHT BESSER<\/p>\n<p style=\"text-align: center;\">WIR TUN ALLES MIT<\/p>\n<p style=\"text-align: center;\">*KONZENTRATION<br \/>\n*HERZ<br \/>\n*DANKBARKEIT<br \/>\n*LIEBE<br \/>\n*SORGFALT<br \/>\n*GUTER ABSICHT<br \/>\n*GLAUBEN<\/p>\n<p>Wir m\u00f6chten Dich f\u00fcr die vietnamesische Gark\u00fcche begeistern und freuen uns auf deinen Besuch.<\/p>\n<div class=\"more-holder\"><a class=\"more-link\" href=\"https:\/\/www.sapores-streetfood.de\/index.php\/ueber-uns\/\">Read more<\/a><\/div>\n","protected":false},"author":1,"featured_media":0,"parent":0,"menu_order":0,"comment_status":"closed","ping_status":"closed","template":"","meta":{"footnotes":""},"class_list":["post-138","page","type-page","status-publish","hentry"],"_links":{"self":[{"href":"https:\/\/www.sapores-streetfood.de\/index.php\/wp-json\/wp\/v2\/pages\/138","targetHints":{"allow":["GET"]}}],"collection":[{"href":"https:\/\/www.sapores-streetfood.de\/index.php\/wp-json\/wp\/v2\/pages"}],"about":[{"href":"https:\/\/www.sapores-streetfood.de\/index.php\/wp-json\/wp\/v2\/types\/page"}],"author":[{"embeddable":true,"href":"https:\/\/www.sapores-streetfood.de\/index.php\/wp-json\/wp\/v2\/users\/1"}],"replies":[{"embeddable":true,"href":"https:\/\/www.sapores-streetfood.de\/index.php\/wp-json\/wp\/v2\/comments?post=138"}],"version-history":[{"count":27,"href":"https:\/\/www.sapores-streetfood.de\/index.php\/wp-json\/wp\/v2\/pages\/138\/revisions"}],"predecessor-version":[{"id":352,"href":"https:\/\/www.sapores-streetfood.de\/index.php\/wp-json\/wp\/v2\/pages\/138\/revisions\/352"}],"wp:attachment":[{"href":"https:\/\/www.sapores-streetfood.de\/index.php\/wp-json\/wp\/v2\/media?parent=138"}],"curies":[{"name":"wp","href":"https:\/\/api.w.org\/{rel}","templated":true}]}}